{"id":1908,"date":"2024-10-15T14:41:46","date_gmt":"2024-10-15T14:41:46","guid":{"rendered":"https:\/\/asbpetrol.com.tr\/?page_id=1908"},"modified":"2024-10-16T12:28:36","modified_gmt":"2024-10-16T12:28:36","slug":"faaliyet-alanlarimiz-2","status":"publish","type":"page","link":"https:\/\/asbpetrol.com.tr\/?page_id=1908","title":{"rendered":"Faaliyet Alanlar\u0131m\u0131z"},"content":{"rendered":"\t\t<div data-elementor-type=\"wp-page\" data-elementor-id=\"1908\" class=\"elementor elementor-1908\" data-elementor-post-type=\"page\">\n\t\t\t\t<div class=\"elementor-element elementor-element-b3e3931 e-flex e-con-boxed e-con e-parent\" data-id=\"b3e3931\" data-element_type=\"container\">\n\t\t\t\t\t<div class=\"e-con-inner\">\n\t\t\t\t<div class=\"elementor-element elementor-element-a29a629 elementor-widget elementor-widget-text-editor\" data-id=\"a29a629\" data-element_type=\"widget\" data-widget_type=\"text-editor.default\">\n\t\t\t\t<div class=\"elementor-widget-container\">\n\t\t\t\t\t\t\t<h1 class=\"baslik1solsag\">Faaliyet Alanlar\u0131m\u0131z<\/h1><div class=\"orta-kutu-sol-sag orta-kutu-sol-sag-icerik\"><p><span><strong>Karabeyo\u011flu Petrol,<\/strong>\u00a0b\u00f6lge ve \u00e7evresinde ihtiya\u00e7 duyulan her t\u00fcrl\u00fc akaryak\u0131t ihtiyac\u0131n\u0131 kar\u015f\u0131layacak \u015fekilde planlanm\u0131\u015ft\u0131r.<\/span><\/p><\/div>\t\t\t\t\t\t<\/div>\n\t\t\t\t<\/div>\n\t\t\t\t\t<\/div>\n\t\t\t\t<\/div>\n\t\t\t\t<\/div>\n\t\t","protected":false},"excerpt":{"rendered":"<p>Faaliyet Alanlar\u0131m\u0131z Karabeyo\u011flu Petrol,\u00a0b\u00f6lge ve \u00e7evresinde ihtiya\u00e7 duyulan her t\u00fcrl\u00fc akaryak\u0131t ihtiyac\u0131n\u0131 kar\u015f\u0131layacak \u015fekilde planlanm\u0131\u015ft\u0131r.<\/p>\n","protected":false},"author":1,"featured_media":0,"parent":0,"menu_order":0,"comment_status":"closed","ping_status":"closed","template":"","meta":{"footnotes":""},"class_list":["post-1908","page","type-page","status-publish","hentry"],"_links":{"self":[{"href":"https:\/\/asbpetrol.com.tr\/index.php?rest_route=\/wp\/v2\/pages\/1908","targetHints":{"allow":["GET"]}}],"collection":[{"href":"https:\/\/asbpetrol.com.tr\/index.php?rest_route=\/wp\/v2\/pages"}],"about":[{"href":"https:\/\/asbpetrol.com.tr\/index.php?rest_route=\/wp\/v2\/types\/page"}],"author":[{"embeddable":true,"href":"https:\/\/asbpetrol.com.tr\/index.php?rest_route=\/wp\/v2\/users\/1"}],"replies":[{"embeddable":true,"href":"https:\/\/asbpetrol.com.tr\/index.php?rest_route=%2Fwp%2Fv2%2Fcomments&post=1908"}],"version-history":[{"count":25,"href":"https:\/\/asbpetrol.com.tr\/index.php?rest_route=\/wp\/v2\/pages\/1908\/revisions"}],"predecessor-version":[{"id":1936,"href":"https:\/\/asbpetrol.com.tr\/index.php?rest_route=\/wp\/v2\/pages\/1908\/revisions\/1936"}],"wp:attachment":[{"href":"https:\/\/asbpetrol.com.tr\/index.php?rest_route=%2Fwp%2Fv2%2Fmedia&parent=1908"}],"curies":[{"name":"wp","href":"https:\/\/api.w.org\/{rel}","templated":true}]}}