{"id":1352,"date":"2024-09-30T08:14:29","date_gmt":"2024-09-30T08:14:29","guid":{"rendered":"https:\/\/asbpetrol.com.tr\/?page_id=1352"},"modified":"2024-10-01T11:32:59","modified_gmt":"2024-10-01T11:32:59","slug":"vizyon-ve-misyon","status":"publish","type":"page","link":"https:\/\/asbpetrol.com.tr\/?page_id=1352","title":{"rendered":"Vizyon ve Misyon"},"content":{"rendered":"\t\t<div data-elementor-type=\"wp-page\" data-elementor-id=\"1352\" class=\"elementor elementor-1352\" data-elementor-post-type=\"page\">\n\t\t\t\t<div class=\"elementor-element elementor-element-1d760c9 e-flex e-con-boxed e-con e-parent\" data-id=\"1d760c9\" data-element_type=\"container\">\n\t\t\t\t\t<div class=\"e-con-inner\">\n\t\t\t\t<div class=\"elementor-element elementor-element-a7d0b54 elementor-widget elementor-widget-text-editor\" data-id=\"a7d0b54\" data-element_type=\"widget\" data-widget_type=\"text-editor.default\">\n\t\t\t\t<div class=\"elementor-widget-container\">\n\t\t\t\t\t\t\t<h1 class=\"baslik1solsag\">Vizyon ve Misyon<\/h1><div class=\"orta-kutu-sol-sag orta-kutu-sol-sag-icerik\"><p><span><strong>Vizyonumuz;<\/strong><\/span><\/p><p><span>Faaliyet g\u00f6sterdi\u011fi t\u00fcm sekt\u00f6rlerde, \u00e7al\u0131\u015fanlar\u0131 ve m\u00fc\u015fteri memnuniyetini en \u00fcst d\u00fczeye \u00e7\u0131karmak i\u00e7in uluslararas\u0131 standartlarda hizmet ve \u00fcr\u00fcnler sunmak, rekabet\u00e7i b\u00fcy\u00fcme politikas\u0131 ile \u015firketi, sekt\u00f6r\u00fc ve \u00fclke ekonomisi i\u00e7in \u00f6nc\u00fclerden biri olmak, \u00e7a\u011f\u0131m\u0131z ko\u015fullar\u0131na uyumlu bir \u015fekilde ileriye do\u011fru yol al\u0131rken toplumun kalk\u0131nmas\u0131na katk\u0131da bulunacak kurulu\u015flar aras\u0131nda yerini almakt\u0131r.<\/span><\/p><p><\/p><p><span><strong>Misyonumuz;<\/strong><\/span><\/p><p><span>M\u00fc\u015fteri memnuniyetine odakl\u0131, s\u00fcrd\u00fcr\u00fclebilir m\u00fckemmellik anlay\u0131\u015f\u0131na sahip, \u00fcretim ve hizmetlerinde kaliteden \u00f6d\u00fcn vermeyen, de\u011fi\u015fime a\u00e7\u0131k ve<strong>\u00a0<\/strong>s\u00fcrekli yenilenen, dinamik ve tak\u0131m \u00e7al\u0131\u015fmas\u0131 anlay\u0131\u015f\u0131na sahip,<strong>\u00a0<\/strong>topluma ve \u00e7evreye duyarl\u0131 bir kurulu\u015f olmakt\u0131r.<\/span><\/p><p><\/p><p><span><strong>Misyon ve Vizyon \u0130lkelerimiz:<\/strong><\/span><\/p><p><span>Ba\u015far\u0131n\u0131n; verimli, disiplinli ve planl\u0131 \u00e7al\u0131\u015fmakla elde edilece\u011fine inan\u0131r.<\/span><\/p><p><span>Faaliyetlerinde en iyi olmak i\u00e7in \u00e7al\u0131\u015f\u0131p sonuca odaklan\u0131r.<\/span><\/p><p><span>G\u00fcvenilir, istikrarl\u0131 ve yasalara ba\u011fl\u0131 bir kurumdur.<\/span><\/p><p><span>Ciddiyet, nezaket ve dakiklik prensiplerine ba\u011fl\u0131d\u0131r.<\/span><\/p><p><span>Dinamik ve proaktiftir.<\/span><\/p><p><span>\u00dcretim ve hizmette kaliteden \u00f6d\u00fcn vermez.<\/span><\/p><p><span>Tak\u0131m ruhuna ve ileti\u015fimin g\u00fcc\u00fcne inan\u0131r.<\/span><\/p><p><span>\u0130nsana de\u011fer verip payla\u015f\u0131mc\u0131l\u0131\u011f\u0131 destekler.<\/span><\/p><\/div>\t\t\t\t\t\t<\/div>\n\t\t\t\t<\/div>\n\t\t\t\t\t<\/div>\n\t\t\t\t<\/div>\n\t\t\t\t<\/div>\n\t\t","protected":false},"excerpt":{"rendered":"<p>Vizyon ve Misyon Vizyonumuz; Faaliyet g\u00f6sterdi\u011fi t\u00fcm sekt\u00f6rlerde, \u00e7al\u0131\u015fanlar\u0131 ve m\u00fc\u015fteri memnuniyetini en \u00fcst d\u00fczeye \u00e7\u0131karmak i\u00e7in uluslararas\u0131 standartlarda hizmet ve \u00fcr\u00fcnler sunmak, rekabet\u00e7i b\u00fcy\u00fcme politikas\u0131 ile \u015firketi, sekt\u00f6r\u00fc ve \u00fclke ekonomisi i\u00e7in \u00f6nc\u00fclerden biri olmak, \u00e7a\u011f\u0131m\u0131z ko\u015fullar\u0131na uyumlu bir \u015fekilde ileriye do\u011fru yol al\u0131rken toplumun kalk\u0131nmas\u0131na katk\u0131da bulunacak kurulu\u015flar [&hellip;]<\/p>\n","protected":false},"author":1,"featured_media":0,"parent":0,"menu_order":0,"comment_status":"closed","ping_status":"closed","template":"","meta":{"footnotes":""},"class_list":["post-1352","page","type-page","status-publish","hentry"],"_links":{"self":[{"href":"https:\/\/asbpetrol.com.tr\/index.php?rest_route=\/wp\/v2\/pages\/1352","targetHints":{"allow":["GET"]}}],"collection":[{"href":"https:\/\/asbpetrol.com.tr\/index.php?rest_route=\/wp\/v2\/pages"}],"about":[{"href":"https:\/\/asbpetrol.com.tr\/index.php?rest_route=\/wp\/v2\/types\/page"}],"author":[{"embeddable":true,"href":"https:\/\/asbpetrol.com.tr\/index.php?rest_route=\/wp\/v2\/users\/1"}],"replies":[{"embeddable":true,"href":"https:\/\/asbpetrol.com.tr\/index.php?rest_route=%2Fwp%2Fv2%2Fcomments&post=1352"}],"version-history":[{"count":4,"href":"https:\/\/asbpetrol.com.tr\/index.php?rest_route=\/wp\/v2\/pages\/1352\/revisions"}],"predecessor-version":[{"id":1525,"href":"https:\/\/asbpetrol.com.tr\/index.php?rest_route=\/wp\/v2\/pages\/1352\/revisions\/1525"}],"wp:attachment":[{"href":"https:\/\/asbpetrol.com.tr\/index.php?rest_route=%2Fwp%2Fv2%2Fmedia&parent=1352"}],"curies":[{"name":"wp","href":"https:\/\/api.w.org\/{rel}","templated":true}]}}